{"id":18,"date":"2015-07-08T11:30:03","date_gmt":"2015-07-08T09:30:03","guid":{"rendered":"http:\/\/wiwi-foerderverein.aau.at\/?page_id=18"},"modified":"2019-09-04T15:53:14","modified_gmt":"2019-09-04T13:53:14","slug":"zweck-des-vereins","status":"publish","type":"page","link":"https:\/\/wiwi-foerderverein.aau.at\/index.php\/der-verein\/zweck-des-vereins\/","title":{"rendered":"Zweck des Vereins"},"content":{"rendered":"<p>Ziel des Vereines ist die F\u00f6rderung exzellenter anwendungs- und grundlagenorientierter Forschung und Lehre an der Fakult\u00e4t f\u00fcr Wirtschaftswissenschaften der Alpen-Adria-Universit\u00e4t Klagenfurt.<\/p>\n<p>Im Bereich der wirtschaftswissenschaftlichen Forschung erfolgt dies insbesondere durch F\u00f6rderung von Projekten und Initiativen, die<\/p>\n<ol>\n<li style=\"list-style-type: none;\">\n<ul>\n<li>interdisziplin\u00e4re und internationale Forschungszusammenarbeit erm\u00f6glichen,<\/li>\n<li>geeignet sind, NachwuchswissenschafterInnen in ihrem wissenschaftlichen Werdegang zu unterst\u00fctzen,<\/li>\n<li>den Mitgliedern durch Forschung, forschungsgeleitete Lehre und Wissenstransfer Zugang zu praxisrelevanten Forschungsergebnissen erm\u00f6glichen,<\/li>\n<li style=\"text-align: left;\">der Umwandlung von Wissenschaft in Wertsch\u00f6pfung dienen.<\/li>\n<\/ul>\n<\/li>\n<\/ol>\n<p>Im Bereich der Lehre in den betriebswirtschaftlichen Studien erfolgt dies insbesondere durch F\u00f6rderung von Projekten, Initiativen und Lehrangeboten, die<\/p>\n<ol>\n<li style=\"list-style-type: none;\">\n<ul>\n<li>der Gewinnung von Studierenden in den betriebswirtschaftlichen Bachelor- und Masterstudien dienen,<\/li>\n<li>interdisziplin\u00e4r ausgerichtet sind sowie im Rahmen von Erweiterungscurricula angeboten werden,<\/li>\n<li>der Steigerung der Qualifikation und der Praxis- und Leistungsorientierung von Studierenden dienen.<\/li>\n<\/ul>\n<\/li>\n<\/ol>\n<p>Dar\u00fcber hinaus f\u00f6rder der Verein Projekte und Initiativen, die<\/p>\n<ol>\n<li style=\"list-style-type: none;\">\n<ul>\n<li>die Kommunikation und Zusammenarbeit der Fakult\u00e4t mit relevanten Stakeholdern (insb. Mitgliedern) intensivieren,<\/li>\n<li>die internationale Sichtbarkeit und Wettbewerbsf\u00e4higkeit (z.B. in Form von Akkreditierungen) der Fakult\u00e4t steigern.<\/li>\n<\/ul>\n<\/li>\n<\/ol>\n<p><a href=\"#_ftnref1\" name=\"_ftn1\"><\/a><\/p>\n<p><script>\/\/ <![CDATA[ \/\/ ]]><\/script><script>\/\/ <![CDATA[ \/\/ ]]><\/script><script>\/\/ <![CDATA[ \/\/ ]]><\/script>Die Statuten des Vereins finden Sie <a href=\"https:\/\/wiwi-foerderverein.aau.at\/wp-content\/uploads\/2015\/07\/WiWi_Statuten_ab-Nov-2017-1.pdf\" target=\"_blank\" rel=\"noopener noreferrer\">hier<\/a>.<script type=\"text\/javascript\">\/\/ <![CDATA[  \/\/ ]]><\/script><\/p>\n<p><script>\/\/ <![CDATA[ \/\/ ]]><\/script><script>\/\/ <![CDATA[ \/\/ ]]><\/script><script>\/\/ <![CDATA[ \/\/ ]]><\/script><\/p>\n","protected":false},"excerpt":{"rendered":"<p>Ziel des Vereines ist die F\u00f6rderung exzellenter anwendungs- und grundlagenorientierter Forschung und Lehre an der Fakult\u00e4t f\u00fcr Wirtschaftswissenschaften der Alpen-Adria-Universit\u00e4t Klagenfurt. Im [&hellip;]<\/p>\n","protected":false},"author":1,"featured_media":0,"parent":26,"menu_order":2,"comment_status":"closed","ping_status":"closed","template":"","meta":{"footnotes":""},"class_list":["post-18","page","type-page","status-publish","hentry"],"_links":{"self":[{"href":"https:\/\/wiwi-foerderverein.aau.at\/index.php\/wp-json\/wp\/v2\/pages\/18","targetHints":{"allow":["GET"]}}],"collection":[{"href":"https:\/\/wiwi-foerderverein.aau.at\/index.php\/wp-json\/wp\/v2\/pages"}],"about":[{"href":"https:\/\/wiwi-foerderverein.aau.at\/index.php\/wp-json\/wp\/v2\/types\/page"}],"author":[{"embeddable":true,"href":"https:\/\/wiwi-foerderverein.aau.at\/index.php\/wp-json\/wp\/v2\/users\/1"}],"replies":[{"embeddable":true,"href":"https:\/\/wiwi-foerderverein.aau.at\/index.php\/wp-json\/wp\/v2\/comments?post=18"}],"version-history":[{"count":9,"href":"https:\/\/wiwi-foerderverein.aau.at\/index.php\/wp-json\/wp\/v2\/pages\/18\/revisions"}],"predecessor-version":[{"id":842,"href":"https:\/\/wiwi-foerderverein.aau.at\/index.php\/wp-json\/wp\/v2\/pages\/18\/revisions\/842"}],"up":[{"embeddable":true,"href":"https:\/\/wiwi-foerderverein.aau.at\/index.php\/wp-json\/wp\/v2\/pages\/26"}],"wp:attachment":[{"href":"https:\/\/wiwi-foerderverein.aau.at\/index.php\/wp-json\/wp\/v2\/media?parent=18"}],"curies":[{"name":"wp","href":"https:\/\/api.w.org\/{rel}","templated":true}]}}