{"id":20,"date":"2015-07-08T11:30:18","date_gmt":"2015-07-08T09:30:18","guid":{"rendered":"http:\/\/wiwi-foerderverein.aau.at\/?page_id=20"},"modified":"2025-11-24T21:15:05","modified_gmt":"2025-11-24T20:15:05","slug":"leitung-des-vereins","status":"publish","type":"page","link":"https:\/\/wiwi-foerderverein.aau.at\/index.php\/der-verein\/leitung-des-vereins\/","title":{"rendered":"Leitung des Vereins"},"content":{"rendered":"\n<div class=\"wp-block-media-text has-media-on-the-right is-stacked-on-mobile\" style=\"grid-template-columns:auto 45%\"><div class=\"wp-block-media-text__content\">\n<p><strong>Obmann:<\/strong><\/p>\n\n\n\n<p>VDir. Mag. Georg Messner<br>Raiffeisen Landesbank<br><\/p>\n\n\n\n<p><\/p>\n\n\n\n<p><strong>Stellvertreterin<\/strong>:<\/p>\n\n\n\n<p>Mag. Michaela Sapetschnig<br>Kelag<br><\/p>\n\n\n\n<p><\/p>\n\n\n\n<p><strong>Gesch\u00e4ftsf\u00fchrung:<\/strong><\/p>\n\n\n\n<p>Assoc. Prof. MMag. Dr. Alexandra Rausch<br>Universit\u00e4t Klagenfurt<br><\/p>\n\n\n\n<p><\/p>\n<\/div><figure class=\"wp-block-media-text__media\"><img loading=\"lazy\" decoding=\"async\" width=\"709\" height=\"1024\" src=\"https:\/\/wiwi-foerderverein.aau.at\/wp-content\/uploads\/2025\/11\/Leitung-MessnerSapetschnigRausch-2-709x1024.jpg\" alt=\"\" class=\"wp-image-2289 size-full\" srcset=\"https:\/\/wiwi-foerderverein.aau.at\/wp-content\/uploads\/2025\/11\/Leitung-MessnerSapetschnigRausch-2-709x1024.jpg 709w, https:\/\/wiwi-foerderverein.aau.at\/wp-content\/uploads\/2025\/11\/Leitung-MessnerSapetschnigRausch-2-208x300.jpg 208w, https:\/\/wiwi-foerderverein.aau.at\/wp-content\/uploads\/2025\/11\/Leitung-MessnerSapetschnigRausch-2-230x332.jpg 230w, https:\/\/wiwi-foerderverein.aau.at\/wp-content\/uploads\/2025\/11\/Leitung-MessnerSapetschnigRausch-2-350x506.jpg 350w, https:\/\/wiwi-foerderverein.aau.at\/wp-content\/uploads\/2025\/11\/Leitung-MessnerSapetschnigRausch-2-480x693.jpg 480w, https:\/\/wiwi-foerderverein.aau.at\/wp-content\/uploads\/2025\/11\/Leitung-MessnerSapetschnigRausch-2.jpg 720w\" sizes=\"auto, (max-width: 709px) 100vw, 709px\" \/><\/figure><\/div>\n\n\n\n<p><script>\/\/ <![CDATA[ \/\/ ]]><\/script><script>\/\/ <![CDATA[ \/\/ ]]><\/script><script>\/\/ <![CDATA[ \/\/ ]]><\/script><\/p>\n\n\n\n<p><strong>Weitere Vorstandsmitglieder (in alphabetischer Reihenfolge):<\/strong><\/p>\n\n\n\n<p class=\"has-black-color has-text-color has-link-color wp-elements-9b45d3e6c77e84dcb09c1133e87e133e\">Univ.-Prof. Dr. Heiko BREITSOHL \/ Universit\u00e4t Klagenfurt, Fakult\u00e4t f\u00fcr Wirtschafts- und Rechtswissenschaften<br>Mag. Ferdinand BUCHER \/ Wiener St\u00e4dtische Versicherung AG<br>Dr. Bernhard FINK \/ Rechtsanwaltskammer K\u00e4rnten Aus- und Fortbildungs GmbH<br>Mag. Ingrid GRITSCHACHER \/ Kammer der Steuerberater:innen und Wirtschaftspr\u00fcfer:innen<br>Mag. Katharina HAIDEN-FILL \/ Notariatskammer<br>Thomas HASLAUER, MSc \/ UniCredit Bank Austria AG<br>Univ.-Prof. Dr. Johannes HEINRICH \/ Universit\u00e4t Klagenfurt, Fakult\u00e4t f\u00fcr Wirtschafts- und Rechtswissenschaften<br>Ing. Mag. Rudolf JUVAN \/ JUCON Unternehmensberatung<br>Mag. Michael KO\u0160UTNIK<br>Mag. Werner LAURE \/ BKS<br>Mag. Markus OGRIS-LINDER \/ K\u00e4rntner Sparkasse AG<br>Mag. Josef PACHER \/ Dolomit Eberstein Neuper GmbH<br>Mag. (FH) Wolfgang PUCHER \/ Industriellenvereinigung K\u00e4rnten<br>Mag. Udo PUSCHNIG \/ Amt der K\u00e4rntner Landesregierung<br>Mag. Michaela SAPETSCHNIG \/ KELAG<br>Univ.-Prof. Dr. Erich SCHWARZ \/\u00a0Universit\u00e4t Klagenfurt, Fakult\u00e4t f\u00fcr Wirtschafts- und Rechtswissenschaften<br>VDir.\u00a0Kurt TSCHEMERNJAK, MSc \/ K\u00e4rntner Landesversicherung auf Gegenseitigkeit<br>Mag. David ZWATTENDORFER \/ WiFi K\u00e4rnten GmbH<br><\/p>\n\n\n\n<p><script type=\"text\/javascript\">\/\/ <![CDATA[  \/\/ ]]><\/script><\/p>\n\n\n\n<p><script>\/\/ <![CDATA[ \/\/ ]]><\/script><script>\/\/ <![CDATA[ \/\/ ]]><\/script><script>\/\/ <![CDATA[ \/\/ ]]><\/script><\/p>\n\n\n\n<p><\/p>\n\n\n\n<p><\/p>\n","protected":false},"excerpt":{"rendered":"<p>Obmann: VDir. Mag. Georg MessnerRaiffeisen Landesbank Stellvertreterin: Mag. Michaela SapetschnigKelag Gesch\u00e4ftsf\u00fchrung: Assoc. Prof. MMag. Dr. Alexandra RauschUniversit\u00e4t Klagenfurt Weitere Vorstandsmitglieder (in alphabetischer [&hellip;]<\/p>\n","protected":false},"author":1,"featured_media":0,"parent":26,"menu_order":3,"comment_status":"closed","ping_status":"closed","template":"","meta":{"footnotes":""},"class_list":["post-20","page","type-page","status-publish","hentry"],"_links":{"self":[{"href":"https:\/\/wiwi-foerderverein.aau.at\/index.php\/wp-json\/wp\/v2\/pages\/20","targetHints":{"allow":["GET"]}}],"collection":[{"href":"https:\/\/wiwi-foerderverein.aau.at\/index.php\/wp-json\/wp\/v2\/pages"}],"about":[{"href":"https:\/\/wiwi-foerderverein.aau.at\/index.php\/wp-json\/wp\/v2\/types\/page"}],"author":[{"embeddable":true,"href":"https:\/\/wiwi-foerderverein.aau.at\/index.php\/wp-json\/wp\/v2\/users\/1"}],"replies":[{"embeddable":true,"href":"https:\/\/wiwi-foerderverein.aau.at\/index.php\/wp-json\/wp\/v2\/comments?post=20"}],"version-history":[{"count":62,"href":"https:\/\/wiwi-foerderverein.aau.at\/index.php\/wp-json\/wp\/v2\/pages\/20\/revisions"}],"predecessor-version":[{"id":2292,"href":"https:\/\/wiwi-foerderverein.aau.at\/index.php\/wp-json\/wp\/v2\/pages\/20\/revisions\/2292"}],"up":[{"embeddable":true,"href":"https:\/\/wiwi-foerderverein.aau.at\/index.php\/wp-json\/wp\/v2\/pages\/26"}],"wp:attachment":[{"href":"https:\/\/wiwi-foerderverein.aau.at\/index.php\/wp-json\/wp\/v2\/media?parent=20"}],"curies":[{"name":"wp","href":"https:\/\/api.w.org\/{rel}","templated":true}]}}