{"id":212,"date":"2015-10-28T21:45:36","date_gmt":"2015-10-28T20:45:36","guid":{"rendered":"http:\/\/wiwi-foerderverein.aau.at\/?page_id=212"},"modified":"2022-09-22T10:20:25","modified_gmt":"2022-09-22T08:20:25","slug":"berichte-ueber-gefoerderte-massnahmen","status":"publish","type":"page","link":"https:\/\/wiwi-foerderverein.aau.at\/index.php\/berichte-ueber-gefoerderte-massnahmen\/","title":{"rendered":"Berichte \u00fcber gef\u00f6rderte Ma\u00dfnahmen"},"content":{"rendered":"<p>Hier finden Sie ausgew\u00e4hlte Berichte \u00fcber vom Verein gef\u00f6rderte Ma\u00dfnahmen.<\/p>\n<p><a href=\"https:\/\/wiwi-foerderverein.aau.at\/index.php\/exzellenzfoerderung\/\" target=\"_blank\" rel=\"noopener\">Exzellenzf\u00f6rderung<\/a><\/p>\n<p><a href=\"https:\/\/wiwi-foerderverein.aau.at\/index.php\/foerderung-nachwuchswissenschaftlerinnen\/\" target=\"_blank\" rel=\"noopener\">F\u00f6rderung NachwuchswissenschaftlerInnen<\/a><\/p>\n<p><a href=\"https:\/\/wiwi-foerderverein.aau.at\/index.php\/ausbildung-studierende\/\" target=\"_blank\" rel=\"noopener\">Ausbildung Studierende<\/a><\/p>\n<p><a href=\"https:\/\/wiwi-foerderverein.aau.at\/index.php\/wissenschaftliche-projekte\/\" target=\"_blank\" rel=\"noopener\">Wissenschaftliche Projekte<\/a><\/p>\n<p><a href=\"https:\/\/wiwi-foerderverein.aau.at\/index.php\/wissenschaftliche-publikationen\/\" target=\"_blank\" rel=\"noopener\">Wissenschaftliche Publikationen<\/a><\/p>\n<p><a href=\"https:\/\/wiwi-foerderverein.aau.at\/index.php\/wissenstransfer\/\" target=\"_blank\" rel=\"noopener\">Wissenstransfer<\/a><\/p>\n<p><a href=\"https:\/\/wiwi-foerderverein.aau.at\/index.php\/oeffentlichkeitsarbeit-und-studierendenakquise\/\" target=\"_blank\" rel=\"noopener\">\u00d6ffentlichkeitsarbeit und Studierendenakquise<\/a><\/p>\n<p><a href=\"https:\/\/wiwi-foerderverein.aau.at\/index.php\/projekte-zur-weiterentwicklung-der-fakultaet\/\" target=\"_blank\" rel=\"noopener\">Projekte zur Weiterentwicklung der Fakult\u00e4t<\/a><\/p>\n","protected":false},"excerpt":{"rendered":"<p>Hier finden Sie ausgew\u00e4hlte Berichte \u00fcber vom Verein gef\u00f6rderte Ma\u00dfnahmen. Exzellenzf\u00f6rderung F\u00f6rderung NachwuchswissenschaftlerInnen Ausbildung Studierende Wissenschaftliche Projekte Wissenschaftliche Publikationen Wissenstransfer \u00d6ffentlichkeitsarbeit und [&hellip;]<\/p>\n","protected":false},"author":2,"featured_media":0,"parent":0,"menu_order":0,"comment_status":"closed","ping_status":"closed","template":"","meta":{"footnotes":""},"class_list":["post-212","page","type-page","status-publish","hentry"],"_links":{"self":[{"href":"https:\/\/wiwi-foerderverein.aau.at\/index.php\/wp-json\/wp\/v2\/pages\/212","targetHints":{"allow":["GET"]}}],"collection":[{"href":"https:\/\/wiwi-foerderverein.aau.at\/index.php\/wp-json\/wp\/v2\/pages"}],"about":[{"href":"https:\/\/wiwi-foerderverein.aau.at\/index.php\/wp-json\/wp\/v2\/types\/page"}],"author":[{"embeddable":true,"href":"https:\/\/wiwi-foerderverein.aau.at\/index.php\/wp-json\/wp\/v2\/users\/2"}],"replies":[{"embeddable":true,"href":"https:\/\/wiwi-foerderverein.aau.at\/index.php\/wp-json\/wp\/v2\/comments?post=212"}],"version-history":[{"count":11,"href":"https:\/\/wiwi-foerderverein.aau.at\/index.php\/wp-json\/wp\/v2\/pages\/212\/revisions"}],"predecessor-version":[{"id":1395,"href":"https:\/\/wiwi-foerderverein.aau.at\/index.php\/wp-json\/wp\/v2\/pages\/212\/revisions\/1395"}],"wp:attachment":[{"href":"https:\/\/wiwi-foerderverein.aau.at\/index.php\/wp-json\/wp\/v2\/media?parent=212"}],"curies":[{"name":"wp","href":"https:\/\/api.w.org\/{rel}","templated":true}]}}