{"id":221,"date":"2015-11-08T19:35:38","date_gmt":"2015-11-08T18:35:38","guid":{"rendered":"http:\/\/wiwi-foerderverein.aau.at\/?page_id=221"},"modified":"2026-03-31T09:59:36","modified_gmt":"2026-03-31T07:59:36","slug":"ausbildung-studierende","status":"publish","type":"page","link":"https:\/\/wiwi-foerderverein.aau.at\/index.php\/ausbildung-studierende\/","title":{"rendered":"Ausbildung Studierende"},"content":{"rendered":"\n<p><strong>Ausgew\u00e4hlte Berichte zu F\u00f6rderungen in Lehrveranstaltungen<\/strong><\/p>\n\n\n\n<p><\/p>\n\n\n\n<p>&#8222;Changemaker Programm&#8220; &#8211; Entrepreneurship Education im Studienjahr 2024\/2025 | Dr. Ines KRAJGER (<a href=\"https:\/\/wiwi-foerderverein.aau.at\/wp-content\/uploads\/2025\/11\/CM_EndberichtFV_29102025.pdf\" data-type=\"link\" data-id=\"https:\/\/wiwi-foerderverein.aau.at\/wp-content\/uploads\/2025\/11\/CM_EndberichtFV_29102025.pdf\">Bericht<\/a>)<\/p>\n\n\n\n<p>2. Joint Seminar aus \u00d6ffentlichem Recht (618.384) und Privatrecht (618.338) des Fachbereichs f\u00fcr Rechtswissenschaften der Universit\u00e4t Udine und des Instituts f\u00fcr Rechtswissenschaften der Universit\u00e4t Klagenfurt, 07.12.2023 (<a href=\"https:\/\/wiwi-foerderverein.aau.at\/wp-content\/uploads\/2026\/03\/Endbericht-2.-Joint-Seminar-Udine.pdf\">Bericht<\/a>)<\/p>\n\n\n\n<p>&#8222;inspire! Games &amp; Unternehmerf\u00fchrerschein&#8220; \u00dcberf\u00fchrung in den Regelunterricht im Studienjahr 2023\/2024 | Dr. Ines KRAJGER (<a href=\"https:\/\/wiwi-foerderverein.aau.at\/wp-content\/uploads\/2025\/11\/inspireUFS_EndberichtFV_30102025.pdf\" data-type=\"link\" data-id=\"https:\/\/wiwi-foerderverein.aau.at\/wp-content\/uploads\/2025\/11\/inspireUFS_EndberichtFV_30102025.pdf\">Bericht<\/a>)<\/p>\n\n\n\n<p>Einsatz einer Fallstudie in der LV &#8222;Advanced Marketing 2: Digital Marketing Strategy and Analytics&#8220;, Juni 2023 und Mai 2024 | Dr. Svenja DIEGELMANN (<a href=\"https:\/\/wiwi-foerderverein.aau.at\/wp-content\/uploads\/2023\/07\/Endbericht-WR-Foerderverein_Foerderung-Kostenpflichtige-Fallstudie_Diegelmann.pdf\" target=\"_blank\" rel=\"noopener\">Bericht 2023<\/a>, <a href=\"https:\/\/my.visme.co\/view\/1jxo30xw-4qk5y73k8mpz5r1v#s1\" target=\"_blank\" rel=\"noopener\">Link 2023<\/a>, <a href=\"https:\/\/wiwi-foerderverein.aau.at\/wp-content\/uploads\/2024\/05\/2024_Endbericht-WR-Foerderverein_Kostenpflichtige-Fallstudie.pdf\" target=\"_blank\" rel=\"noopener\">Bericht 2024<\/a>, <a href=\"https:\/\/my.visme.co\/view\/8r64dnrk-pmjlj07174gq2z39\" target=\"_blank\" rel=\"noopener\">Link 2024)<\/a><\/p>\n\n\n\n<p><b>Ausgew\u00e4hlte Berichte zu gef\u00f6rderten&nbsp;Exkursionen<\/b><\/p>\n\n\n\n<p>Exkursion zu den Institutionen der Europ\u00e4ischen Union, 14.09&#8211;20.09.2025 | LV 618.325 Dr. Doris HATTENBERGER (<a href=\"https:\/\/wiwi-foerderverein.aau.at\/wp-content\/uploads\/2025\/09\/Bericht-Exkursion-2025-GESAMT.pdf\" target=\"_blank\" rel=\"noreferrer noopener\">Bericht<\/a>, <a href=\"https:\/\/wiwi-foerderverein.aau.at\/wp-content\/uploads\/2025\/09\/Foto1.pdf\">Foto<\/a>)<\/p>\n\n\n\n<p>Study Excursion to SEE or CEE (International Management) &amp; Creative &amp; Cultural Entrepreneurship (Media and Convergence Management), LV 604.610 und 602.993 Dr. Malgorzata WDOWIAK (<a href=\"https:\/\/wiwi-foerderverein.aau.at\/wp-content\/uploads\/2025\/08\/Endbericht_Study-Excursion-AND-Creative-Cultural-Entrepreneurship_August-2025.pdf\" target=\"_blank\" rel=\"noreferrer noopener\">Bericht<\/a>)<\/p>\n\n\n\n<p>Study Excursion to SEE or CEE (International Management), J\u00e4nner 2024 | LV 604.610 Dr. Malgorzata WDOWIAK (<a href=\"https:\/\/wiwi-foerderverein.aau.at\/wp-content\/uploads\/2024\/10\/Endbericht_604.610_23W_Study_Excursion_IM_Foerderverein.pdf\" target=\"_blank\" rel=\"noopener\">Bericht<\/a>)<\/p>\n\n\n\n<p>Exkursion zu den Institutionen der Europ\u00e4ischen Union, 25.09.-01.10.2022 | LV 618.325 Dr. Doris HATTENBERGER (<a href=\"https:\/\/wiwi-foerderverein.aau.at\/wp-content\/uploads\/2023\/01\/Abschlussbericht-Exkursion-zu-den-Institutionen-der-EU-Foerderverein-2022.pdf\" target=\"_blank\" rel=\"noopener\">Bericht<\/a>, <a href=\"https:\/\/wiwi-foerderverein.aau.at\/wp-content\/uploads\/2023\/01\/Update-Programm_27.06.2022.pdf\" target=\"_blank\" rel=\"noopener\">Programm<\/a>)<\/p>\n\n\n\n<p>Masterarbeitsprojekt &#8222;Entrepreneurial Eco-System&#8220; (Studie in Kolumbien), Feb.\/M\u00e4rz 2020 | Andres GARCIA <a href=\"https:\/\/wiwi-foerderverein.aau.at\/wp-content\/uploads\/2020\/09\/Final-report-on-the-master-research-stay-in-Medelli\u0301n-Colombia.pdf\">(Bericht)<\/a><\/p>\n\n\n\n<p>1-t\u00e4gige Exkursion nach Laibach mit Studierenden des Masterstudiums International Management, Jan. 2020 | Bericht von P. GREGORI, MSc <a href=\"https:\/\/wiwi-foerderverein.aau.at\/wp-content\/uploads\/2020\/09\/Endbericht_604.510_EX_study_excursion_IM_foerderverein.pdf\">(Bericht)<\/a><\/p>\n\n\n\n<p>Forschungsaufenthalt an der Kent State University, USA, im Rahmen des Young Scientist Mentoring, Okt.\/Nov. 2019 | Muhammad Nawas TUNIO <a href=\"https:\/\/wiwi-foerderverein.aau.at\/wp-content\/uploads\/2020\/09\/Report-for-HP.pdf\">(Bericht)<\/a><\/p>\n\n\n\n<p>Exkursion zu den Institutionen der Europ\u00e4ischen Union (und NATO), Sept. 2018 <a href=\"https:\/\/wiwi-foerderverein.aau.at\/wp-content\/uploads\/2018\/10\/Bericht-F\u00f6rderverein_2018.pdf\" target=\"_blank\" rel=\"noopener noreferrer\">(Bericht)<\/a><\/p>\n\n\n\n<p>Auslandssemster an der Universit\u00e4t Laibach SS 2018 <a href=\"https:\/\/wiwi-foerderverein.aau.at\/wp-content\/uploads\/2018\/08\/Abschlussbericht-Universit\u00e4t-Laibach.pdf\" target=\"_blank\" rel=\"noopener noreferrer\">(Bericht)<\/a><\/p>\n\n\n\n<p>Exchange Week Alpen-Adria-Universit\u00e4t Klagenfurt und Universit\u00e4t Laibach, M\u00e4rz 2018 \/ Institut f\u00fcr Produktions-, Energie- und Umweltmanagment &#8211; Abteilung Produktionsmanagement und Logistik (PLM) <a href=\"https:\/\/wiwi-foerderverein.aau.at\/wp-content\/uploads\/2018\/05\/Bericht_Exchange-Week-Klagenfurt.docx.pdf\" target=\"_blank\" rel=\"noopener noreferrer\">(Bericht)<\/a><\/p>\n\n\n\n<p>Report on study excursion of the Master program &#8222;International Management&#8220;, December 2016, Slovenja \/ Zulaicha PARASTUTY&nbsp;<a href=\"https:\/\/wiwi-foerderverein.aau.at\/wp-content\/uploads\/2015\/11\/Report-Excursion-to-Ljubljana-WS2016.pdf\" target=\"_blank\" rel=\"noopener noreferrer\">(Bericht)<\/a><\/p>\n\n\n\n<p>\u201eExkursion Innovationsmanagement live!\u201c 22.-23. April 2015&nbsp;<a href=\"https:\/\/wiwi-foerderverein.aau.at\/wp-content\/uploads\/2015\/11\/Exkursionsbericht.pdf\" target=\"_blank\" rel=\"noopener noreferrer\">(Bericht)<\/a><\/p>\n\n\n\n<p><b>Ausgew\u00e4hlte Berichte zu Konferenz-, Seminar- und Workshopbesuchen von Studierenden<\/b><\/p>\n\n\n\n<p>International Working Seminar on Production Economics (IWSPE) 2026, Innsbruck, 23.-27. Februar 2026 | Mario ALLMANN (<a href=\"https:\/\/wiwi-foerderverein.aau.at\/wp-content\/uploads\/2026\/03\/Endbericht_IWSPE2026_geschwaerzt.pdf\">Bericht<\/a>) <\/p>\n\n\n\n<p>G-Forum 2025, Stuttgart, 17.-19. September 2025 | Tibor ZAJKI-ZECHMEISTER (<a href=\"https:\/\/wiwi-foerderverein.aau.at\/wp-content\/uploads\/2026\/03\/G-Forum-Endbericht-Zechmeister-20092025.pdf\">Bericht<\/a>)<\/p>\n\n\n\n<p>Ph.D.-Seminar an der K\u00fchne Logistics University und Hamburg International conference of Logistics, Hamburg, 12.\/13. Oktober 2017 | Maximilian KUNOVJANEK\u00a0<a href=\"https:\/\/wiwi-foerderverein.aau.at\/wp-content\/uploads\/2018\/02\/Endbericht-HICL-_Kunovjanek_WiWi-FV.pdf\" target=\"_blank\" rel=\"noopener noreferrer\">(Bericht)<\/a><\/p>\n\n\n\n<p>9th International Conference on Applied Energy, 21.-24. August 2017, Cardiff |\u00a0Hanan ISHAQUE\u00a0<a href=\"https:\/\/wiwi-foerderverein.aau.at\/wp-content\/uploads\/2018\/02\/Report-Verein.pdf\">(Bericht)<\/a><\/p>\n\n\n\n<p>CIS@Harvard (Contemporary Issues Summit), 15.\/16. M\u00e4rz 2016 | Muhammad ZUBAIR\u00a0<a href=\"https:\/\/wiwi-foerderverein.aau.at\/wp-content\/uploads\/2015\/11\/Post-conference-report.pdf\" target=\"_blank\" rel=\"noopener noreferrer\">(Bericht)<\/a><\/p>\n","protected":false},"excerpt":{"rendered":"<p>Ausgew\u00e4hlte Berichte zu F\u00f6rderungen in Lehrveranstaltungen &#8222;Changemaker Programm&#8220; &#8211; Entrepreneurship Education im Studienjahr 2024\/2025 | Dr. Ines KRAJGER (Bericht) 2. Joint Seminar [&hellip;]<\/p>\n","protected":false},"author":2,"featured_media":0,"parent":0,"menu_order":0,"comment_status":"closed","ping_status":"closed","template":"","meta":{"footnotes":""},"class_list":["post-221","page","type-page","status-publish","hentry"],"_links":{"self":[{"href":"https:\/\/wiwi-foerderverein.aau.at\/index.php\/wp-json\/wp\/v2\/pages\/221","targetHints":{"allow":["GET"]}}],"collection":[{"href":"https:\/\/wiwi-foerderverein.aau.at\/index.php\/wp-json\/wp\/v2\/pages"}],"about":[{"href":"https:\/\/wiwi-foerderverein.aau.at\/index.php\/wp-json\/wp\/v2\/types\/page"}],"author":[{"embeddable":true,"href":"https:\/\/wiwi-foerderverein.aau.at\/index.php\/wp-json\/wp\/v2\/users\/2"}],"replies":[{"embeddable":true,"href":"https:\/\/wiwi-foerderverein.aau.at\/index.php\/wp-json\/wp\/v2\/comments?post=221"}],"version-history":[{"count":47,"href":"https:\/\/wiwi-foerderverein.aau.at\/index.php\/wp-json\/wp\/v2\/pages\/221\/revisions"}],"predecessor-version":[{"id":2351,"href":"https:\/\/wiwi-foerderverein.aau.at\/index.php\/wp-json\/wp\/v2\/pages\/221\/revisions\/2351"}],"wp:attachment":[{"href":"https:\/\/wiwi-foerderverein.aau.at\/index.php\/wp-json\/wp\/v2\/media?parent=221"}],"curies":[{"name":"wp","href":"https:\/\/api.w.org\/{rel}","templated":true}]}}