{"id":224,"date":"2015-11-08T19:37:30","date_gmt":"2015-11-08T18:37:30","guid":{"rendered":"http:\/\/wiwi-foerderverein.aau.at\/?page_id=224"},"modified":"2026-03-31T09:58:58","modified_gmt":"2026-03-31T07:58:58","slug":"wissenschaftliche-projekte","status":"publish","type":"page","link":"https:\/\/wiwi-foerderverein.aau.at\/index.php\/wissenschaftliche-projekte\/","title":{"rendered":"Wissenschaftliche Projekte"},"content":{"rendered":"<p><strong>Ausgew\u00e4hlte Berichte zu gef\u00f6rderten wissenschaftlichen Projekten<\/strong><\/p>\n<p>Empirische Studie zu CSR aus Sicht der Mitarbeiter:innen im internationalen Kontext | Martina SAMPERI (<a href=\"https:\/\/wiwi-foerderverein.aau.at\/wp-content\/uploads\/2026\/03\/Endbericht_Samperi.pdf\">Bericht<\/a>)<\/p>\n<p>Weiterentwicklung eines Testinstrumentariums zur Messung von Pers\u00f6nlichkeitseigenschaften und unternehmerischen Einstellungen von Sch\u00fclerinnen und Sch\u00fcler (\u201eentrepreneurial mindset\u201c) | Ines KRAJGER, Erich SCHWARZ, Katharina LEITSBERGER (<a href=\"https:\/\/wiwi-foerderverein.aau.at\/wp-content\/uploads\/2023\/01\/EndberichtFV_12122022.pdf\">Bericht<\/a>)<\/p>\n<p>Escalation of Commitment in (managerial) investment decision &#8211; Does thinking in a foreign language reduce the sunk cost effect?, Experimental Study | Alexandra RAUSCH und Katharina RODGERS (<a href=\"https:\/\/wiwi-foerderverein.aau.at\/wp-content\/uploads\/2022\/09\/Abstract-RaRo.pdf\">Abstract<\/a>)<\/p>\n<p>Contextual Differences in Organizational Bad News Reporting: An Experimental Vignette Study | Claudia KITZ (<a href=\"https:\/\/wiwi-foerderverein.aau.at\/wp-content\/uploads\/2022\/09\/Abstract-The-Dual-Perspectives-of-Bad-News-Delivery_Abstract.pdf\">Abstract<\/a>)<\/p>\n<p>Studie zu erneuerbarer Energie | Robert SPOSATO und Nina HAMPL (<a href=\"https:\/\/wiwi-foerderverein.aau.at\/wp-content\/uploads\/2020\/09\/PA_Studie-Erneuerbare-Energien-COVID-19_26082020.pdf\">Presseaussendung<\/a>, <a href=\"https:\/\/wiwi-foerderverein.aau.at\/wp-content\/uploads\/2020\/09\/oesterr.-nachrichten.pdf\">Bericht der O\u00d6-Nachrichten<\/a>, <a style=\"font-size: inherit;\" href=\"https:\/\/wiwi-foerderverein.aau.at\/wp-content\/uploads\/2020\/09\/2020.09.03_ATV-Aktuell-Erneuerbare-Energien-Herbst-2020.mp4\">Bericht ATV Aktuell,\u00a0<\/a><a href=\"https:\/\/wiwi-foerderverein.aau.at\/wp-content\/uploads\/2020\/09\/2020.09.03_ZIB-13-Erneuerbare-Energien-Herbst-2020.mp4\">Bericht ZIB,\u00a0<\/a><a href=\"https:\/\/wiwi-foerderverein.aau.at\/wp-content\/uploads\/2020\/09\/EEAT_Covid_Link-List.docx\">Liste mit Links)<\/a><\/p>\n<p>Experimentelle Untersuchung &#8222;How material and experiential purchases affect happiness. A comparative study\u201c | Sonja, GRABNER-KR\u00c4UTER <a href=\"https:\/\/wiwi-foerderverein.aau.at\/wp-content\/uploads\/2022\/09\/Razmus_Grabner-Kraeuter_Kostyra_Zawadzka_Buying_happiness_PM2022.pdf\" target=\"_blank\" rel=\"noopener\">(Zeitschriftenbeitrag)<\/a><\/p>\n<p>&#8222;Net-Promoter-Score und Innovationen in alpinen Ski-Destinationen&#8220; | Rita FAULLANT, Melanie LEUTSCHACHER und James RAUSCHER <a href=\"https:\/\/wiwi-foerderverein.aau.at\/wp-content\/uploads\/2015\/11\/Endbericht-NPS-F\u00f6rderverein.pdf\" target=\"_blank\" rel=\"noopener noreferrer\">(Bericht)<\/a><\/p>\n<p>&#8222;Pathway to exit: An empirical study exploring how and why young Austrian firms exit from business&#8220; | Robert BREITENECKER und Zulaicha PARASTUTY <a href=\"https:\/\/wiwi-foerderverein.aau.at\/wp-content\/uploads\/2015\/11\/Final-Report_Pathway-to-Exit_2015.pdf\" target=\"_blank\" rel=\"noopener noreferrer\">(Bericht)<\/a><\/p>\n<p>&#8222;The Notion of Tax&#8220; &#8211; National Report Austria | Sabine ZIRNGAST und Sabine KANDUTH-KRISTEN <a href=\"https:\/\/wiwi-foerderverein.aau.at\/wp-content\/uploads\/2015\/11\/National-Report-Austria_final-2015-10-07.pdf\" target=\"_blank\" rel=\"noopener noreferrer\">(Bericht)<\/a><\/p>\n<p>Gleiche Chance in Bildung &amp; Beruf. Die Situation von bildungsbenachteiligten Jugendlichen in Kaernten (Zwischenbericht) | Robert KLINGLMAIR <a href=\"https:\/\/wiwi-foerderverein.aau.at\/wp-content\/uploads\/2015\/11\/Zwischenbericht_Foerderverein_WIWI_Robert_Klinglmair.pdf\" target=\"_blank\" rel=\"noopener noreferrer\">(Bericht)<\/a><\/p>\n<p>Gesch\u00e4ftsmodellinnovationen im \u00f6sterreichischen Energiesektor\u201c | Erich SCHWARZ und Patrick HOLZMANN <a href=\"https:\/\/wiwi-foerderverein.aau.at\/wp-content\/uploads\/2015\/11\/Endbericht-an-F\u00f6rderverein-Gesch\u00e4ftsmodelle-im-\u00f6sterreichischen-Energiesektor.pdf\" target=\"_blank\" rel=\"noopener noreferrer\">(Bericht)<\/a><\/p>\n<p><script> <\/script> <script> <\/script> <script> <\/script><br \/>\n<script type=\"text\/javascript\"><\/p>\n<p><\/script><\/p>\n<p><script> <\/script> <script> <\/script> <script> <\/script><\/p>\n","protected":false},"excerpt":{"rendered":"<p>Ausgew\u00e4hlte Berichte zu gef\u00f6rderten wissenschaftlichen Projekten Empirische Studie zu CSR aus Sicht der Mitarbeiter:innen im internationalen Kontext | Martina SAMPERI (Bericht) Weiterentwicklung [&hellip;]<\/p>\n","protected":false},"author":2,"featured_media":0,"parent":0,"menu_order":0,"comment_status":"closed","ping_status":"closed","template":"","meta":{"footnotes":""},"class_list":["post-224","page","type-page","status-publish","hentry"],"_links":{"self":[{"href":"https:\/\/wiwi-foerderverein.aau.at\/index.php\/wp-json\/wp\/v2\/pages\/224","targetHints":{"allow":["GET"]}}],"collection":[{"href":"https:\/\/wiwi-foerderverein.aau.at\/index.php\/wp-json\/wp\/v2\/pages"}],"about":[{"href":"https:\/\/wiwi-foerderverein.aau.at\/index.php\/wp-json\/wp\/v2\/types\/page"}],"author":[{"embeddable":true,"href":"https:\/\/wiwi-foerderverein.aau.at\/index.php\/wp-json\/wp\/v2\/users\/2"}],"replies":[{"embeddable":true,"href":"https:\/\/wiwi-foerderverein.aau.at\/index.php\/wp-json\/wp\/v2\/comments?post=224"}],"version-history":[{"count":22,"href":"https:\/\/wiwi-foerderverein.aau.at\/index.php\/wp-json\/wp\/v2\/pages\/224\/revisions"}],"predecessor-version":[{"id":2350,"href":"https:\/\/wiwi-foerderverein.aau.at\/index.php\/wp-json\/wp\/v2\/pages\/224\/revisions\/2350"}],"wp:attachment":[{"href":"https:\/\/wiwi-foerderverein.aau.at\/index.php\/wp-json\/wp\/v2\/media?parent=224"}],"curies":[{"name":"wp","href":"https:\/\/api.w.org\/{rel}","templated":true}]}}