{"id":228,"date":"2015-11-08T19:37:56","date_gmt":"2015-11-08T18:37:56","guid":{"rendered":"http:\/\/wiwi-foerderverein.aau.at\/?page_id=228"},"modified":"2026-03-31T09:58:49","modified_gmt":"2026-03-31T07:58:49","slug":"foerderung-nachwuchswissenschaftlerinnen","status":"publish","type":"page","link":"https:\/\/wiwi-foerderverein.aau.at\/index.php\/foerderung-nachwuchswissenschaftlerinnen\/","title":{"rendered":"F\u00f6rderung Nachwuchswissenschaftler:innen"},"content":{"rendered":"\n<p><strong>Ausgew\u00e4hlte Berichte zur F\u00f6rderung von Nachwuchswissenschaftler:innen<\/strong><\/p>\n\n\n\n<p>International Conference on Research in Advertising (ICORIA), Rotterdam, Niederlande, 26. &#8211; 28. Juni 2025 | Katrin LINGENHEL, BSc, BA MSc (<a href=\"https:\/\/wiwi-foerderverein.aau.at\/wp-content\/uploads\/2026\/03\/Endbericht_Teilnahme-ICORIA-2025_Lingenhel.pdf\">Bericht<\/a>)<\/p>\n\n\n\n<p>85th Annual Meeting of the Academy of Management (AoM), Kopenhagen, D\u00e4nemark, 25. &#8211; 29. Juli 2025 | Theresa TSCHAUKO, BSc MSc (<a href=\"https:\/\/wiwi-foerderverein.aau.at\/wp-content\/uploads\/2026\/03\/Endbericht-AoM2025_Tschauko_WiWi.pdf\">Bericht<\/a>) <\/p>\n\n\n\n<p>Kongress der European Association of Tax Law Professors (EATLP), Bergen, Norwegen, 19. &#8211; 21. Juni 2025 | Mag. Ann-Catherine POINTECKER (<a href=\"https:\/\/wiwi-foerderverein.aau.at\/wp-content\/uploads\/2026\/03\/Endbericht-Pointecker-EATLP-Bergen.pdf\">Bericht<\/a>)<\/p>\n\n\n\n<p>Annual Conference of the European Marketing Academy (EMAC), Pozuelo de Alarc\u00f3n (Madrid), 27. &#8211; 30. Mai 2025 | Katrin LINGENHEL, BSc BA MSc (<a href=\"https:\/\/wiwi-foerderverein.aau.at\/wp-content\/uploads\/2025\/07\/Endbericht_Teilnahme-EMAC-2025_Lingenhel-1.pdf\" target=\"_blank\" rel=\"noreferrer noopener\">Bericht<\/a>)<\/p>\n\n\n\n<p>Forschungsaufenthalt an der Sa\u00efd Business School, University of Oxford, 1. Oktober &#8211; 8. Dezember 2024 | Tanja LESNIK, BA MSc (<a href=\"https:\/\/wiwi-foerderverein.aau.at\/wp-content\/uploads\/2024\/12\/Abschlussbericht-Forschungaufenthalt_Lesnik-1.pdf\">Bericht<\/a>)<\/p>\n\n\n\n<p>Weiterbildung &#8222;Law and economics and International Law&#8220; in Gerzensee, 20.-24. Mai 2024 | Mag. Antonia ERHART (<a href=\"https:\/\/wiwi-foerderverein.aau.at\/wp-content\/uploads\/2024\/06\/Endbericht_LAE.pdf\">Bericht<\/a>)<\/p>\n\n\n\n<p>Informs TSL Conference 2023 in Chicago, Illinois, 23.-26. Juli 2023&nbsp; | Dr. Yannik SCHERR (<a href=\"https:\/\/wiwi-foerderverein.aau.at\/wp-content\/uploads\/2023\/08\/Endbericht_Foerderung_Scherr_23-08-07.pdf\" target=\"_blank\" rel=\"noopener\">Bericht<\/a>)<\/p>\n\n\n\n<p>Association for Consumer Research Conference in Denver, Colorado, 19.-23. Oktober 2022 | Dr. Svenja DIEGELMANN (<a href=\"https:\/\/my.visme.co\/view\/y467kjxr-m3x58k0rpk8k5krp\" target=\"_blank\" rel=\"noopener\">Bericht<\/a>)<\/p>\n\n\n\n<p>82nd Annual Meeting of the Academy of Management in Seattle, Washington, 05.-09. August 2022 | Claudia KITZ, MSc <a href=\"https:\/\/wiwi-foerderverein.aau.at\/wp-content\/uploads\/2022\/09\/Endbericht_AOM2022_Kitz_WIWI_FV.pdf\" target=\"_blank\" rel=\"noopener\">(Bericht)<\/a><\/p>\n\n\n\n<p>International Conference on Communication of Healthcare 2022 in Glasgow, 05.-09. September 2022 | Dr. Svenja DIEGELMANN <a href=\"https:\/\/my.visme.co\/view\/4dvz0eoj-ne12mezkze8wl79x\" target=\"_blank\" rel=\"noopener\">(Bericht)<\/a><\/p>\n\n\n\n<p>Copy Editing &#8222;Do lead users cooperate with manufacturers&#8220;, published in&nbsp; Technovation (A+ Journal) | Dr. Dietfried GLOBOCNIK <a href=\"https:\/\/doi.org\/10.1016\/j.technovation.2020.102187\" target=\"_blank\" rel=\"noopener noreferrer\">(zum Artikel)<\/a><\/p>\n\n\n\n<p>Methodenkurs von CARMA &#8222;Mixed Methods and Qualitative Comparative Analysis&#8220;, Juni 2020 | Claudia KITZ, MSc <a href=\"https:\/\/wiwi-foerderverein.aau.at\/wp-content\/uploads\/2020\/09\/Abschlussbericht_WIWI_FV_Kitz.pdf\" target=\"_blank\" rel=\"noopener\">(Bericht)<\/a><\/p>\n\n\n\n<p>VHB ProDok-Kurs \u201eQualitative Research Methods&#8220;, M\u00e4rz 2020 in Berlin | Mag. Michael KNAPP <a href=\"https:\/\/wiwi-foerderverein.aau.at\/wp-content\/uploads\/2020\/09\/Endbericht_KnappM_FoedervereinWIWI.pdf\" target=\"_blank\" rel=\"noopener\">(Bericht)<\/a><\/p>\n\n\n\n<p>Arbeits- und Forschungsaufenthalt am Obersten Gerichtshof in Wien, Jan. &#8211; April 2020 | Mag. Sophia SAGMEISTER <a href=\"https:\/\/wiwi-foerderverein.aau.at\/wp-content\/uploads\/2020\/09\/Endbericht-WIWI-Foerderverein.pdf\" target=\"_blank\" rel=\"noopener\">(Bericht)<\/a><\/p>\n\n\n\n<p>Exkursion zu den \u00f6sterreichischen H\u00f6chstgerichten, 16.-18. Oktober 2019 | Institut f\u00fcr Rechtswissenschaften &#8211; Fachbereich \u00d6ffentliches Recht <a href=\"https:\/\/www.aau.at\/blog\/exkursion-zu-den-oesterreichischen-hoechstgerichten\/\" target=\"_blank\" rel=\"noopener noreferrer\">(Bericht)<\/a><\/p>\n\n\n\n<p>Politics and Society Conference &#8222;East Central Europe Thirty Years Folowing the End of Comunism&#8220; in Sibiu\/Rum\u00e4nien, 27.\/28. September 2019 | Georg EICHLER <a href=\"https:\/\/wiwi-foerderverein.aau.at\/wp-content\/uploads\/2019\/10\/F\u00f6rderverein-Endbericht-GE-Sibiu_-for-Homepage.pdf\" target=\"_blank\" rel=\"noopener noreferrer\">(Bericht)<\/a><\/p>\n\n\n\n<p>EURAM Conference in Lissabon, 26.-28. Juni 2019 | Desir\u00e9e UKOBITZ <a href=\"https:\/\/wiwi-foerderverein.aau.at\/wp-content\/uploads\/2019\/10\/Desiree-Ukobitz_EURAM-2019_Report-003.pdf\" target=\"_blank\" rel=\"noopener noreferrer\">(Bericht)<\/a><\/p>\n\n\n\n<p>2019 AMA Winter Academic Conference in Austin, Texas, 22.-24. Februar 2019 | Desir\u00e9e UKOBITZ <a href=\"https:\/\/wiwi-foerderverein.aau.at\/wp-content\/uploads\/2019\/04\/Desiree-Ukobitz_Report_AMA-Winter-Conference-2019.pdf\" target=\"_blank\" rel=\"noopener noreferrer\">(Bericht)<\/a><\/p>\n\n\n\n<p>Visiting Graduate Research at UCLA, 14. Februar &#8211; 23. M\u00e4rz 2018 | Muhammad ZUBAIR (<a href=\"https:\/\/wiwi-foerderverein.aau.at\/wp-content\/uploads\/2018\/04\/Muhammad-Zubair.pdf\" target=\"_blank\" rel=\"noopener noreferrer\">Bericht<\/a>)<\/p>\n\n\n\n<p>Pfingsttagung des Verbandes der Hochschullehrer f\u00fcr Betriebswirtschaft (VHB) in St. Gallen, 07.-09. Juni 2017 | Sanja KORAC <a href=\"https:\/\/wiwi-foerderverein.aau.at\/wp-content\/uploads\/2015\/11\/WiWi-F\u00f6rderverein_Bericht_Korac.pdf\" target=\"_blank\" rel=\"noopener noreferrer\">(Bericht)<\/a><\/p>\n\n\n\n<p>Forschungsaufenthalt an der Cambridge University Mai &#8211; Juli 2017 | Maximilian BRUNNER <a href=\"https:\/\/wiwi-foerderverein.aau.at\/wp-content\/uploads\/2015\/11\/Endbericht_F\u00f6rderverein.pdf\" target=\"_blank\" rel=\"noopener noreferrer\">(Bericht)<\/a><\/p>\n\n\n\n<p>Forschungsaufenthalt an der Harvard University | Benedikt WEIGAND <a href=\"https:\/\/wiwi-foerderverein.aau.at\/wp-content\/uploads\/2015\/11\/WiWi_Abschlussbericht-Harvard_Weigand.pdf\" target=\"_blank\" rel=\"noopener noreferrer\">(Bericht)<\/a><\/p>\n\n\n\n<p>Forschungsaufenthalt an der Auckland University of Technology, Neuseeland | Sabrina BRAUNEIS <a href=\"https:\/\/wiwi-foerderverein.aau.at\/wp-content\/uploads\/2015\/11\/WIWI-F\u00f6rderverein_Endbericht_Brauneis.pdf\" target=\"_blank\" rel=\"noopener noreferrer\">(Bericht)<\/a><\/p>\n\n\n\n<p><\/p>\n","protected":false},"excerpt":{"rendered":"<p>Ausgew\u00e4hlte Berichte zur F\u00f6rderung von Nachwuchswissenschaftler:innen International Conference on Research in Advertising (ICORIA), Rotterdam, Niederlande, 26. &#8211; 28. Juni 2025 | Katrin [&hellip;]<\/p>\n","protected":false},"author":2,"featured_media":0,"parent":0,"menu_order":0,"comment_status":"closed","ping_status":"closed","template":"","meta":{"footnotes":""},"class_list":["post-228","page","type-page","status-publish","hentry"],"_links":{"self":[{"href":"https:\/\/wiwi-foerderverein.aau.at\/index.php\/wp-json\/wp\/v2\/pages\/228","targetHints":{"allow":["GET"]}}],"collection":[{"href":"https:\/\/wiwi-foerderverein.aau.at\/index.php\/wp-json\/wp\/v2\/pages"}],"about":[{"href":"https:\/\/wiwi-foerderverein.aau.at\/index.php\/wp-json\/wp\/v2\/types\/page"}],"author":[{"embeddable":true,"href":"https:\/\/wiwi-foerderverein.aau.at\/index.php\/wp-json\/wp\/v2\/users\/2"}],"replies":[{"embeddable":true,"href":"https:\/\/wiwi-foerderverein.aau.at\/index.php\/wp-json\/wp\/v2\/comments?post=228"}],"version-history":[{"count":52,"href":"https:\/\/wiwi-foerderverein.aau.at\/index.php\/wp-json\/wp\/v2\/pages\/228\/revisions"}],"predecessor-version":[{"id":2349,"href":"https:\/\/wiwi-foerderverein.aau.at\/index.php\/wp-json\/wp\/v2\/pages\/228\/revisions\/2349"}],"wp:attachment":[{"href":"https:\/\/wiwi-foerderverein.aau.at\/index.php\/wp-json\/wp\/v2\/media?parent=228"}],"curies":[{"name":"wp","href":"https:\/\/api.w.org\/{rel}","templated":true}]}}