{"id":26,"date":"2015-07-08T11:32:22","date_gmt":"2015-07-08T09:32:22","guid":{"rendered":"http:\/\/wiwi-foerderverein.aau.at\/?page_id=26"},"modified":"2021-04-13T09:28:08","modified_gmt":"2021-04-13T07:28:08","slug":"der-verein","status":"publish","type":"page","link":"https:\/\/wiwi-foerderverein.aau.at\/index.php\/der-verein\/","title":{"rendered":"Der Verein"},"content":{"rendered":"<p>Der Verein zur F\u00f6rderung der Wirtschaftswissenschaften wurde 1989 auf Initiative von GD Dkfm. Harald Pittner als F\u00f6rderungsverein des Instituts der Betriebswirtschaft gegr\u00fcndet und hat seinen Sitz in Klagenfurt. Schwerpunkte der F\u00f6rderung bildeten stets Forschungsprojekte, Lehrveranstaltungen sowie Ma\u00dfnahmen der \u00d6ffentlichkeitsarbeit. Dabei wurde und wird nach wie vor auf eine rasche und unb\u00fcrokratische Abwicklung Wert gelegt.<\/p>\n<p>In einer Brosch\u00fcre, die anl\u00e4sslich des 30-j\u00e4hrigen Bestehens des Vereins herausgegeben wurde, stellt sich der Verein vor. Die Brosch\u00fcre finden Sie <a href=\"https:\/\/wiwi-foerderverein.aau.at\/wp-content\/uploads\/2019\/11\/F\u00f6Ve-WiWi-Infobrosch\u00fcre-WEB.pdf\">hier<\/a>.<\/p>\n<p><script> <\/script> <script> <\/script> <script> <\/script><br \/>\n<script type=\"text\/javascript\"><\/p>\n<p><\/script><\/p>\n<p><script> <\/script> <script> <\/script> <script> <\/script><\/p>\n","protected":false},"excerpt":{"rendered":"<p>Der Verein zur F\u00f6rderung der Wirtschaftswissenschaften wurde 1989 auf Initiative von GD Dkfm. Harald Pittner als F\u00f6rderungsverein des Instituts der Betriebswirtschaft gegr\u00fcndet [&hellip;]<\/p>\n","protected":false},"author":1,"featured_media":0,"parent":0,"menu_order":0,"comment_status":"closed","ping_status":"closed","template":"","meta":{"footnotes":""},"class_list":["post-26","page","type-page","status-publish","hentry"],"_links":{"self":[{"href":"https:\/\/wiwi-foerderverein.aau.at\/index.php\/wp-json\/wp\/v2\/pages\/26","targetHints":{"allow":["GET"]}}],"collection":[{"href":"https:\/\/wiwi-foerderverein.aau.at\/index.php\/wp-json\/wp\/v2\/pages"}],"about":[{"href":"https:\/\/wiwi-foerderverein.aau.at\/index.php\/wp-json\/wp\/v2\/types\/page"}],"author":[{"embeddable":true,"href":"https:\/\/wiwi-foerderverein.aau.at\/index.php\/wp-json\/wp\/v2\/users\/1"}],"replies":[{"embeddable":true,"href":"https:\/\/wiwi-foerderverein.aau.at\/index.php\/wp-json\/wp\/v2\/comments?post=26"}],"version-history":[{"count":7,"href":"https:\/\/wiwi-foerderverein.aau.at\/index.php\/wp-json\/wp\/v2\/pages\/26\/revisions"}],"predecessor-version":[{"id":1182,"href":"https:\/\/wiwi-foerderverein.aau.at\/index.php\/wp-json\/wp\/v2\/pages\/26\/revisions\/1182"}],"wp:attachment":[{"href":"https:\/\/wiwi-foerderverein.aau.at\/index.php\/wp-json\/wp\/v2\/media?parent=26"}],"curies":[{"name":"wp","href":"https:\/\/api.w.org\/{rel}","templated":true}]}}