{"id":647,"date":"2018-02-27T08:40:10","date_gmt":"2018-02-27T07:40:10","guid":{"rendered":"http:\/\/wiwi-foerderverein.aau.at\/?page_id=647"},"modified":"2025-11-24T22:37:55","modified_gmt":"2025-11-24T21:37:55","slug":"exzellenzfoerderung","status":"publish","type":"page","link":"https:\/\/wiwi-foerderverein.aau.at\/index.php\/exzellenzfoerderung\/","title":{"rendered":"Exzellenzf\u00f6rderung"},"content":{"rendered":"\n<p>Der W&amp;R Award for Excellence in Publishing (&#8222;Best Paper Award&#8220;) und der W&amp;R Best Teacher Award (Lehrpreis) werden f\u00fcr hervorragende Leistungen von Nachwuchswissenschaftler:innen in Forschung bzw. Lehre verliehen. Der Best Paper Award wurde erstmals 2011 f\u00fcr das Basisjahr 2010 verliehen und der Lehrpreis 2016 f\u00fcr das Studienjahr 2015\/2016.<\/p>\n\n\n\n<p>Der Best Graduate Award wird an die besten Absolvent:innen der verschiedenen Studienrichtungen an der Fakult\u00e4t w\u00e4hrend eines Studienjahrs verliehen und zwar erstmalig f\u00fcr das Studienjahr 2023\/2024. Der Best Graduate Award l\u00f6st den Best Student Award ab, der zuvor viermal an den\/die beste Studierende in jeder Studienrichtung an der Fakult\u00e4t f\u00fcr hervorragende Leistungen im Studium w\u00e4hrend eines Studienjahres verliehen wurde. Erstmalig wurde dieser Award 2020 f\u00fcr das Studienjahr 2019\/2020 ausgelobt.<\/p>\n\n\n\n<p><strong>W&amp;R Award for Excellence in Publishing (&#8222;Best Paper Award&#8220;)<br><\/strong>Die Ausschreibungen der Awards erfolgen j\u00e4hrlich (Einreichfrist siehe aktuelle Ausschreibung). Zur Einreichung berechtigt sind Nachwuchswissenschaftler:innen der W&amp;R-Fakult\u00e4t (Studierende und Fakult\u00e4tsmitglieder), die an ihrer Doktorarbeit oder Habilitation arbeiten oder die Doktorarbeit abgeschlossen haben. Arbeiten von Nachwuchswissenschaftler:innen, die an gef\u00f6rderten Forschungsprojekten arbeiten, sind ebenfalls willkommen. Ein\/e Nachwuchswissenschaftler:in kann pro Ausschreibung mehrere Beitr\u00e4ge einreichen. Die f\u00fcr den Best Paper Award eingereichten Beitr\u00e4ge m\u00fcssen in facheinschl\u00e4gigen Zeitschriften, die in SSCI oder SCI gelistet sind, im jeweiligen Jahr ver\u00f6ffentlicht oder zur Ver\u00f6ffentlichung angenommen worden sein. Die eingereichten Beitr\u00e4ge werden von einem fakult\u00e4tsinternen Komitee vorselektiert und von einen externen Scientific Advisory Board evaluiert. Der Best Paper Award ist mit 2.000 Euro dotiert und wird vom Verein finanziert.<\/p>\n\n\n\n<p>Die Ausschreibung f\u00fcr das Studienjahr 2025\/2026 folgt.<\/p>\n\n\n\n<p><strong>W&amp;R Best Teacher Award (Lehrpreis)<\/strong><br>Der Lehrpreis richtet sich an alle Lehrenden der Fakult\u00e4t mit mindesten 50% Anstellung an der Fakult\u00e4t. Einreichungen k\u00f6nnen durch die Lehrperson selbst oder die Studienrichtungsvertretung der \u00d6H erfolgen. Der Lehrpreis ist mit 2.000 Euro dotiert. Eine Person kann den Lehrpreis nur einmal in f\u00fcnf Jahren gewinnen. Der\/die Preistr\u00e4ger:in wird von der Jury bestehend aus der Fakult\u00e4tsleitung und den Studienprogrammleiter:innen anhand der eingereichten Unterlagen (z.B. Lehrkonzept) und der Lehrveranstaltungsevaluationen eines Studienjahres (2 Semester) ermittelt. Zur Beurteilung herangezogen werden Kriterien wie Innovation und Medieneinsatz, Lehrunterlagen, forschungsgeleitete Inhalte und Aktualit\u00e4t.<\/p>\n\n\n\n<p>Die Ausschreibung f\u00fcr das Studienjahr 2025\/2026 folgt.<\/p>\n\n\n\n<p><strong>W&amp;R Best Graduate Award \/<\/strong> <strong>W&amp;R Best Student Award<\/strong><br>F\u00fcr den Best Graduate Awards ist sowie beim vormaligen Best Student Award keine Einreichung erforderlich. Die Preistr\u00e4ger:innen werden von der Jury anhand der Leistungen im jeweiligen Studium ermittelt. Die Preistr\u00e4ger:innen erhalten Gutscheine und Sachpreise im Wert von insgesamt 2.000 \u20ac.<\/p>\n\n\n\n<p><\/p>\n\n\n<p><strong>Berichte zu den Verleihungen der W&amp;R-Awards<\/strong><\/p>\n<p>\n\n\n<p><a href=\"https:\/\/wiwi-foerderverein.aau.at\/index.php\/2025\/11\/19\/verleihung-der-wr-excellence-awards-2025\/\">W&amp;R Awards 2024\/2025<\/a><\/p>\n\n\n\n<p><a href=\"https:\/\/wiwi-foerderverein.aau.at\/index.php\/2024\/11\/25\/verleihung-der-wr-awards-2024\/\" data-type=\"post\" data-id=\"1957\">W&amp;R Awards 2023\/2024<\/a><\/p>\n\n\n\n<p><a href=\"https:\/\/wiwi-foerderverein.aau.at\/index.php\/2023\/11\/29\/verleihung-der-wr-awards-for-excellence-2023\/\">W&amp;R Awards 2022\/2023<\/a><\/p>\n\n\n\n<\/p>\n<p>\n\n<\/p>\n<p>\n\n<\/p>\n<p><a href=\"https:\/\/wiwi-foerderverein.aau.at\/index.php\/2022\/11\/30\/verleihung-der-wiwi-awards-for-excellence-2022\/\" target=\"_blank\" rel=\"noopener\">\u00a0WiWi Best Teacher Award und Best Student Award f\u00fcr das Studienjahr 2021\/2022<\/a><\/p>\n<p><a href=\"https:\/\/wiwi-foerderverein.aau.at\/index.php\/2021\/11\/15\/verleihung-der-wiwi-awards-2020\/\" target=\"_blank\" rel=\"noopener\">WiWi Award for Excellence in Publishing f\u00fcr das Jahr 2021, WiWi Best Teacher Award und Best Student Award f\u00fcr das Studienjahr 2020\/2021<\/a><\/p>\n<p>\n\n \n\n<\/p>\n<p><a href=\"https:\/\/wiwi-foerderverein.aau.at\/index.php\/2020\/12\/09\/verleihung-der-wiwi-awards-2020-2\/\" target=\"_blank\" rel=\"noopener\">WiWi Award for Excellence in Publishing f\u00fcr das Jahr 2020, WiWi Best Teacher Award und Best Student Award f\u00fcr das Studienjahr 2019\/2020<\/a><\/p>\n<p>\n\n \n\n<\/p>\n<p><a href=\"https:\/\/wiwi-foerderverein.aau.at\/index.php\/2020\/11\/24\/verleihung-der-wiwi-awards-2019-2020\/\" target=\"_blank\" rel=\"noopener\">WiWi Award for Excellence in Publishing f\u00fcr das Jahr 2019, WiWi Best Teacher Award und Best Student Award f\u00fcr das Studienjahr 2018\/2019<\/a><\/p>\n<p>\n\n<\/p>\n<p><a href=\"https:\/\/wiwi-foerderverein.aau.at\/index.php\/2018\/12\/14\/verleihung-der-wiwi-awards-2017\/\" target=\"_blank\" rel=\"noopener noreferrer\">Wiwi Award for Excellence in Publishing f\u00fcr das Jahr 2018 und Wiwi Best Teacher Award f\u00fcr das Studienjahr 2017\/2018<\/a><\/p>\n<p>\n\n \n\n<\/p>\n<p><a href=\"https:\/\/wiwi-foerderverein.aau.at\/index.php\/2017\/05\/31\/verleihung-der-wiwi-excellence-awards-2016\/\" target=\"_blank\" rel=\"noopener noreferrer\">Wiwi Award for Excellence in Publishing f\u00fcr das Jahr 2016\/2017 und Wiwi Best Teacher Award f\u00fcr das Studienjahr 2016\/2017<\/a><\/p>\n<p>\n\n<a href=\"https:\/\/wiwi-foerderverein.aau.at\/index.php\/2016\/06\/27\/verleihung-des-wiwi-awards-for-excellence-in-publishing-2015\/\" target=\"_blank\" rel=\"noopener noreferrer\">Wiwi Award for Excellence in Publishing f\u00fcr das Jahr 2015\/2016<\/a><\/p>\n<p>\n\n\n\n<p><\/p>\n\n\n\n<p><a href=\"https:\/\/wiwi-foerderverein.aau.at\/index.php\/2016\/06\/27\/verleihung-des-wiwi-best-teacher-awards-2015\/\" target=\"_blank\" rel=\"noopener noreferrer\">Wiwi Best Teacher Award f\u00fcr das Studienjahr 2015\/2016<\/a><\/p>\n\n\n\n<p><\/p>\n\n\n<\/p>\n<p>Der WiWi-Award for Excellence in Publishing wurde erstmalig im Juni 2011 f\u00fcr die Publikationsleistungen im Jahr 2010\/2011 verliehen und zwar an Robert Breitenecker f\u00fcr den gemeinsam mit Rainer Harms verfassten Beitrag &#8222;Dealing with spatial heterogeneity in entrepreneurship research&#8220;. Erschienen ist der Beitrag in <em>Organizational Research Methods<\/em>, 2010, 13, 176-191.<\/p>\n<p>Im Jahr 2012 ging der Excellence Award an Rita Faullant f\u00fcr den gemeinsam mit Kurt Matzler und Todd A. Moodadian verfassten Beitrag &#8222;Personality, basic emotions, and satisfaction: Primary emotions in the mountaineering experience&#8220;, publiziert in <em>Tourism Management,<\/em> 2011, 32(5), 1423-1430.<\/p>\n<p>Ab 2013 bzw. f\u00fcr Publikationsleistungen im Studienjahr 2012\/2013 wurde der WiWi-Award for Excellence in Publishing vom Verein finanziert. Der 3. Award und damit Preisgeld iHv jeweils 1.000 Euro gingen an Dmitri Bl\u00fcschke und Alexander Brauneis:<\/p>\n<ul>\n<li>Dmitri Bl\u00fcschke, Viktoria Blueschke-Nikolaeva, Ivan Savin: New insights into optimal control of nonlinear dynamic econometric models: Application of a heuristic approach. In: <em>Journal of Economic Dynamics and Control<\/em>, 2013, Volume 37(4), pp. 821-837.<\/li>\n<li>Alexander Brauneis, Roland Mestel, Stefan Palan: Inducing low-carbon investment in the electric power industry through a price floor for emissions trading. In: <em style=\"font-size: revert; color: initial;\">Energy Policy<\/em><span style=\"font-size: revert; color: initial;\">, 2013, Volume 53, pp. 190-204.<\/span><\/li>\n<\/ul>\n<p>Der 4. Award for Excellence in Publishing wurde im Juni 2014 an Stephan Leitner und Doris Behrens \u00fcbergeben. Pr\u00e4miert wurde die Publikation &#8222;On the fault (in)tolerance of coordination mechanisms<br \/>for distributed investment decisions&#8220; erschienen im <em>Central European Journal of Operations Research<\/em>, 2013, print 2015, 23<span style=\"color: initial;\">(1):251-278.<\/span><\/p>\n<p>Mit dem 5. Publishing Award wurden ex aequo zwei Beitr\u00e4ge ausgezeichnet:<\/p>\n<ul>\n<li>Seebacher, G.\/Winkler, H.: \u201cEvaluating flexibility in discrete manufacturing based on performance and efficiency.\u201d, In: I<em>nternational Journal of Production Economics<\/em>, 2014, Volume 153, 340-351.<\/li>\n<li>Rausch, A.\/Brauneis, A.: \u201cThe effect of accountability on management accountant&#8217;s selection of information\u201d, In: <em>Review of Managerial Science,<\/em> 2015, Vol. 9(3), pp. 487\u2013521.<\/li>\n<\/ul>","protected":false},"excerpt":{"rendered":"<p>Der W&amp;R Award for Excellence in Publishing (&#8222;Best Paper Award&#8220;) und der W&amp;R Best Teacher Award (Lehrpreis) werden f\u00fcr hervorragende Leistungen von [&hellip;]<\/p>\n","protected":false},"author":2,"featured_media":0,"parent":0,"menu_order":0,"comment_status":"closed","ping_status":"closed","template":"","meta":{"footnotes":""},"class_list":["post-647","page","type-page","status-publish","hentry"],"_links":{"self":[{"href":"https:\/\/wiwi-foerderverein.aau.at\/index.php\/wp-json\/wp\/v2\/pages\/647","targetHints":{"allow":["GET"]}}],"collection":[{"href":"https:\/\/wiwi-foerderverein.aau.at\/index.php\/wp-json\/wp\/v2\/pages"}],"about":[{"href":"https:\/\/wiwi-foerderverein.aau.at\/index.php\/wp-json\/wp\/v2\/types\/page"}],"author":[{"embeddable":true,"href":"https:\/\/wiwi-foerderverein.aau.at\/index.php\/wp-json\/wp\/v2\/users\/2"}],"replies":[{"embeddable":true,"href":"https:\/\/wiwi-foerderverein.aau.at\/index.php\/wp-json\/wp\/v2\/comments?post=647"}],"version-history":[{"count":37,"href":"https:\/\/wiwi-foerderverein.aau.at\/index.php\/wp-json\/wp\/v2\/pages\/647\/revisions"}],"predecessor-version":[{"id":2297,"href":"https:\/\/wiwi-foerderverein.aau.at\/index.php\/wp-json\/wp\/v2\/pages\/647\/revisions\/2297"}],"wp:attachment":[{"href":"https:\/\/wiwi-foerderverein.aau.at\/index.php\/wp-json\/wp\/v2\/media?parent=647"}],"curies":[{"name":"wp","href":"https:\/\/api.w.org\/{rel}","templated":true}]}}