{"id":653,"date":"2018-02-27T08:51:48","date_gmt":"2018-02-27T07:51:48","guid":{"rendered":"http:\/\/wiwi-foerderverein.aau.at\/?page_id=653"},"modified":"2026-02-18T09:27:55","modified_gmt":"2026-02-18T08:27:55","slug":"wissenstransfer","status":"publish","type":"page","link":"https:\/\/wiwi-foerderverein.aau.at\/index.php\/wissenstransfer\/","title":{"rendered":"Wissenstransfer"},"content":{"rendered":"\n<p>K\u00e4rntner Wirtschaftsgespr\u00e4che an der Universit\u00e4t Klagenfurt, Fachbereich Makro\u00f6konomik und Quantitative Wirtschaftsforschung <a href=\"https:\/\/wiwi-foerderverein.aau.at\/wp-content\/uploads\/2026\/02\/3.-KtnWG_Bericht.pdf\">(Bericht zum 3. KWG<\/a>, <a href=\"https:\/\/wiwi-foerderverein.aau.at\/wp-content\/uploads\/2026\/02\/4.-KtnWG_Bericht.pdf\">Bericht zum 4. KWG<\/a>, <a href=\"https:\/\/wiwi-foerderverein.aau.at\/wp-content\/uploads\/2026\/02\/5.-KtnWG_Bericht.pdf\">Bericht zum 5. KWG<\/a>, <a href=\"https:\/\/wiwi-foerderverein.aau.at\/wp-content\/uploads\/2026\/02\/Weihnachtsvorlesung-2025.pdf\">Bericht zur Weihnachtsvorlesung 2025<\/a>)<\/p>\n\n\n\n<p>Jahrestagung Konsum und Verhalten 2024 an der Universit\u00e4t Klagenfurt, 19. &#8211; 21. September 2024 (<a href=\"https:\/\/wiwi-foerderverein.aau.at\/wp-content\/uploads\/2024\/10\/Endbericht_KV-Tagung-2024.pdf\" target=\"_blank\" rel=\"noopener\">Bericht<\/a> von Anna Aschbacher)<\/p>\n\n\n\n<p>European Conference on Health Communication (ECHC) 2023 an der Universit\u00e4t Klagenfurt, 15. &#8211; 17. November 2023 (<a href=\"https:\/\/wiwi-foerderverein.aau.at\/wp-content\/uploads\/2023\/12\/Abschlussbericht_Ausrichtung-ECHC-2023.pdf\" target=\"_blank\" rel=\"noopener\">Bericht<\/a> von Svenja Diegelmann)<\/p>\n\n\n\n<p>WT-Praxisdialog der Abteilung Betriebliches Finanz- und Steuerwesen des Instituts f\u00fcr Finanzmanagement, seit 2011\/2012, (<a href=\"https:\/\/www.aau.at\/finanzmanagement\/betriebliches-finanz-und-steuerwesen\/veranstaltungen\/wt-praxisdialog\/\" target=\"_blank\" rel=\"noopener\">Bericht<\/a>)<\/p>\n\n\n\n<p>Tagung Entrepreneurial Ecosystems and lnnovation und Festakt zum 60. Geburtstag von Univ.-Prof. Dr. Erich Schwarz, 20. Oktober 2023, Universit\u00e4t Klagenfurt (<a href=\"https:\/\/wiwi-foerderverein.aau.at\/wp-content\/uploads\/2023\/12\/Foerderverein-Bericht.pdf\">Bericht)<\/a><\/p>\n\n\n\n<p>Steuerrechtstag 2022 in P\u00f6rtschach (<a href=\"https:\/\/wiwi-foerderverein.aau.at\/wp-content\/uploads\/2022\/09\/Steuerrechtstag-2022-Programm.pdf\">Programm<\/a>)<\/p>\n\n\n\n<p>Forschungszirkel Wirtschaftsprivatrecht, Seminar f\u00fcr Habilitand*innen, 30. Juni &#8211; 2. Juli 2021 in P\u00f6rtschach (<a href=\"https:\/\/wiwi-foerderverein.aau.at\/wp-content\/uploads\/2022\/09\/Flyer_Forschungszirkel_30.06.2021_06.06.21.pdf\">Folder<\/a>) und Seminar f\u00fcr Dissertant*innen und Habilitand*innen WS 2020\/2021, 19. Februar 2021, online (<a href=\"https:\/\/wiwi-foerderverein.aau.at\/wp-content\/uploads\/2022\/09\/Forschungszirkel_Online.pdf\">Folder<\/a>)<\/p>\n\n\n\n<p>Workshop Law &amp; Economics, Covid &#8211; 19 Interdisziplin\u00e4rer Workshop am 29. J\u00e4nner 2021, pandemiebedingt online (<a href=\"https:\/\/wiwi-foerderverein.aau.at\/wp-content\/uploads\/2022\/09\/LE-WORKSHOP-COVID-19-2021-01-29.pdf\">Folder<\/a>, <a href=\"https:\/\/wiwi-foerderverein.aau.at\/wp-content\/uploads\/2022\/09\/Plakat-Wiwi-aktuell_2021_03_05.pdf\">Plakat<\/a>, <a href=\"https:\/\/wiwi-foerderverein.aau.at\/wp-content\/uploads\/2022\/09\/Kurzbericht-zum-Law.pdf\">Kurzbericht<\/a>)<\/p>\n\n\n\n<p>Am 15. und 16. Oktober 2020 fand das erste&nbsp;FORUM LAW &amp; ECONOMICS an der Universit\u00e4t Klagenfurt statt (<a href=\"https:\/\/wiwi-foerderverein.aau.at\/wp-content\/uploads\/2020\/10\/Folder-LE.pdf\">Folder<\/a>, <a href=\"https:\/\/wiwi-foerderverein.aau.at\/wp-content\/uploads\/2020\/10\/Tagungsmappe-Forum-LE-2020-gesamt.pdf\" data-rich-text-format-boundary=\"true\">Tagungsmappe<\/a>). Einen Bericht und Bilder zur Veranstaltung finden Sie <a href=\"https:\/\/wiwi-foerderverein.aau.at\/wp-content\/uploads\/2022\/09\/Tagungsbericht-fuer-WiWI-Foerderverein2.pdf\">hier<\/a>.<\/p>\n\n\n\n<p>Internationalen Research Workshops zum Thema Wasserkraft der Abteilung Nachhaltiges Energiemanagement am 3.\/4. April 2019 (<a href=\"https:\/\/www.aau.at\/blog\/internationaler-research-workshop-hydropower\/\" target=\"_blank\" rel=\"noopener noreferrer\">Bericht<\/a>)<\/p>\n\n\n\n<p>Von Dezember 2017 bis April 2018 wurde vom KIHS eine Studie zum Thema Wissenstransfer der wirtschaftswissenschaftlichen Fakult\u00e4t der Alpen-Adria-Universit\u00e4t Klagenfurt durchgef\u00fchrt. Die Ergebnisse der Studie wurden am 22. Mai 2018, 19 Uhr, im Rahmen einer Mitgliederveranstaltung pr\u00e4sentiert. Eine Kurzversion der Ergebnisse ist auf Anfrage (wiwi-verein@aau.at) erh\u00e4ltlich.<\/p>\n","protected":false},"excerpt":{"rendered":"<p>K\u00e4rntner Wirtschaftsgespr\u00e4che an der Universit\u00e4t Klagenfurt, Fachbereich Makro\u00f6konomik und Quantitative Wirtschaftsforschung (Bericht zum 3. KWG, Bericht zum 4. KWG, Bericht zum 5. [&hellip;]<\/p>\n","protected":false},"author":2,"featured_media":0,"parent":0,"menu_order":0,"comment_status":"closed","ping_status":"closed","template":"","meta":{"footnotes":""},"class_list":["post-653","page","type-page","status-publish","hentry"],"_links":{"self":[{"href":"https:\/\/wiwi-foerderverein.aau.at\/index.php\/wp-json\/wp\/v2\/pages\/653","targetHints":{"allow":["GET"]}}],"collection":[{"href":"https:\/\/wiwi-foerderverein.aau.at\/index.php\/wp-json\/wp\/v2\/pages"}],"about":[{"href":"https:\/\/wiwi-foerderverein.aau.at\/index.php\/wp-json\/wp\/v2\/types\/page"}],"author":[{"embeddable":true,"href":"https:\/\/wiwi-foerderverein.aau.at\/index.php\/wp-json\/wp\/v2\/users\/2"}],"replies":[{"embeddable":true,"href":"https:\/\/wiwi-foerderverein.aau.at\/index.php\/wp-json\/wp\/v2\/comments?post=653"}],"version-history":[{"count":22,"href":"https:\/\/wiwi-foerderverein.aau.at\/index.php\/wp-json\/wp\/v2\/pages\/653\/revisions"}],"predecessor-version":[{"id":2324,"href":"https:\/\/wiwi-foerderverein.aau.at\/index.php\/wp-json\/wp\/v2\/pages\/653\/revisions\/2324"}],"wp:attachment":[{"href":"https:\/\/wiwi-foerderverein.aau.at\/index.php\/wp-json\/wp\/v2\/media?parent=653"}],"curies":[{"name":"wp","href":"https:\/\/api.w.org\/{rel}","templated":true}]}}