{"id":66,"date":"2015-07-08T12:06:11","date_gmt":"2015-07-08T10:06:11","guid":{"rendered":"http:\/\/wiwi-foerderverein.aau.at\/?page_id=66"},"modified":"2026-02-18T16:30:01","modified_gmt":"2026-02-18T15:30:01","slug":"beitrittserklaerung","status":"publish","type":"page","link":"https:\/\/wiwi-foerderverein.aau.at\/index.php\/beitrittserklaerung\/","title":{"rendered":"Beitrittserkl\u00e4rung"},"content":{"rendered":"\n<p>Hier erhalten Sie die Formulare zur Beantragung einer Mitgliedschaft im Verein zur F\u00f6rderung der Wirtschaftswissenschaften an der Alpen-Adria Universit\u00e4t Klagenfurt:<\/p>\n\n\n\n<ul class=\"wp-block-list\">\n<li><a href=\"https:\/\/wiwi-foerderverein.aau.at\/wp-content\/uploads\/2026\/02\/Antrag-unterstuetzendes-Mitglied-2025.pdf\">Antragsformular f\u00fcr Mitgliedschaft als unterst\u00fctzendes Mitglied (Unternehmen, Institutionen)<\/a><\/li>\n\n\n\n<li><a href=\"https:\/\/wiwi-foerderverein.aau.at\/wp-content\/uploads\/2026\/02\/Antrag-ordentliches-Mitglied-2025.pdf\">Antragsformular f\u00fcr Mitgliedschaft als ordentliches Mitglied (Privatpersonen)<\/a><\/li>\n<\/ul>\n\n\n\n<!--more-->\n\n\n\n<p>Das ausgef\u00fcllte und unterzeichnete Antragsformular senden Sie bitte per Email an<\/p>\n\n\n\n<p><a href=\"mailto:wiwi-verein@aau.at\">wiwi-verein@aau.at<\/a><\/p>\n\n\n\n<p>oder per Post an<\/p>\n\n\n\n<p>Assoz. Prof. Dr. Alexandra Rausch<br>Alpen-Adria-Universit\u00e4t Klagenfurt, Abteilung CSU<br>Universit\u00e4tsstr. 65-67<br>9020 Klagenfurt am W\u00f6rthersee<\/p>\n\n\n\n<p>Informationen zur Datenschutzerkl\u00e4rung und \u00fcber die Verwendung personenbezogener Daten finden sie <a href=\"https:\/\/wiwi-foerderverein.aau.at\/wp-content\/uploads\/2023\/12\/Datenschutzerklaerung.pdf\">hier<\/a>.<\/p>\n","protected":false},"excerpt":{"rendered":"<p>Hier erhalten Sie die Formulare zur Beantragung einer Mitgliedschaft im Verein zur F\u00f6rderung der Wirtschaftswissenschaften an der Alpen-Adria Universit\u00e4t Klagenfurt:<\/p>\n","protected":false},"author":1,"featured_media":0,"parent":0,"menu_order":0,"comment_status":"closed","ping_status":"closed","template":"","meta":{"footnotes":""},"class_list":["post-66","page","type-page","status-publish","hentry"],"_links":{"self":[{"href":"https:\/\/wiwi-foerderverein.aau.at\/index.php\/wp-json\/wp\/v2\/pages\/66","targetHints":{"allow":["GET"]}}],"collection":[{"href":"https:\/\/wiwi-foerderverein.aau.at\/index.php\/wp-json\/wp\/v2\/pages"}],"about":[{"href":"https:\/\/wiwi-foerderverein.aau.at\/index.php\/wp-json\/wp\/v2\/types\/page"}],"author":[{"embeddable":true,"href":"https:\/\/wiwi-foerderverein.aau.at\/index.php\/wp-json\/wp\/v2\/users\/1"}],"replies":[{"embeddable":true,"href":"https:\/\/wiwi-foerderverein.aau.at\/index.php\/wp-json\/wp\/v2\/comments?post=66"}],"version-history":[{"count":35,"href":"https:\/\/wiwi-foerderverein.aau.at\/index.php\/wp-json\/wp\/v2\/pages\/66\/revisions"}],"predecessor-version":[{"id":2327,"href":"https:\/\/wiwi-foerderverein.aau.at\/index.php\/wp-json\/wp\/v2\/pages\/66\/revisions\/2327"}],"wp:attachment":[{"href":"https:\/\/wiwi-foerderverein.aau.at\/index.php\/wp-json\/wp\/v2\/media?parent=66"}],"curies":[{"name":"wp","href":"https:\/\/api.w.org\/{rel}","templated":true}]}}