{"id":68,"date":"2015-07-08T12:06:40","date_gmt":"2015-07-08T10:06:40","guid":{"rendered":"http:\/\/wiwi-foerderverein.aau.at\/?page_id=68"},"modified":"2025-05-14T13:51:45","modified_gmt":"2025-05-14T11:51:45","slug":"links","status":"publish","type":"page","link":"https:\/\/wiwi-foerderverein.aau.at\/index.php\/links\/","title":{"rendered":"Links"},"content":{"rendered":"<p><a href=\"http:\/\/www.uni-klu.ac.at\/fwiwi\/inhalt\/1.htm\" target=\"_blank\" rel=\"noopener noreferrer\">Fakult\u00e4t f\u00fcr Wirtschafts- und Rechtswissenschaften<\/a><\/p>\n<p><a href=\"https:\/\/www.aau.at\/\" target=\"_blank\" rel=\"noopener noreferrer\">Alpen-Adria Universit\u00e4t Klagenfurt<\/a>.<\/p>\n<p><a href=\"https:\/\/www.aau.at\/news-portal\/\" target=\"_blank\" rel=\"noopener noreferrer\">News Portal der Alpen-Adria-Universit\u00e4t Klagenfurt<\/a><\/p>\n<p><a href=\"https:\/\/www.aau.at\/wirtschaft-studieren\/\" target=\"_blank\" rel=\"noopener noreferrer\">Wirtschaft studieren an der Alpen-Adria-Universit\u00e4t Klagenfurt<\/a><script type=\"mce-text\/javascript\">\/\/ <![CDATA[\n\n\/\/ ]]><\/script><\/p>\n\n\n<p><\/p>\n","protected":false},"excerpt":{"rendered":"<p>Fakult\u00e4t f\u00fcr Wirtschafts- und Rechtswissenschaften Alpen-Adria Universit\u00e4t Klagenfurt. News Portal der Alpen-Adria-Universit\u00e4t Klagenfurt Wirtschaft studieren an der Alpen-Adria-Universit\u00e4t Klagenfurt<\/p>\n","protected":false},"author":1,"featured_media":0,"parent":0,"menu_order":0,"comment_status":"closed","ping_status":"closed","template":"","meta":{"footnotes":""},"class_list":["post-68","page","type-page","status-publish","hentry"],"_links":{"self":[{"href":"https:\/\/wiwi-foerderverein.aau.at\/index.php\/wp-json\/wp\/v2\/pages\/68","targetHints":{"allow":["GET"]}}],"collection":[{"href":"https:\/\/wiwi-foerderverein.aau.at\/index.php\/wp-json\/wp\/v2\/pages"}],"about":[{"href":"https:\/\/wiwi-foerderverein.aau.at\/index.php\/wp-json\/wp\/v2\/types\/page"}],"author":[{"embeddable":true,"href":"https:\/\/wiwi-foerderverein.aau.at\/index.php\/wp-json\/wp\/v2\/users\/1"}],"replies":[{"embeddable":true,"href":"https:\/\/wiwi-foerderverein.aau.at\/index.php\/wp-json\/wp\/v2\/comments?post=68"}],"version-history":[{"count":19,"href":"https:\/\/wiwi-foerderverein.aau.at\/index.php\/wp-json\/wp\/v2\/pages\/68\/revisions"}],"predecessor-version":[{"id":2160,"href":"https:\/\/wiwi-foerderverein.aau.at\/index.php\/wp-json\/wp\/v2\/pages\/68\/revisions\/2160"}],"wp:attachment":[{"href":"https:\/\/wiwi-foerderverein.aau.at\/index.php\/wp-json\/wp\/v2\/media?parent=68"}],"curies":[{"name":"wp","href":"https:\/\/api.w.org\/{rel}","templated":true}]}}