{"id":70,"date":"2015-07-08T12:06:58","date_gmt":"2015-07-08T10:06:58","guid":{"rendered":"http:\/\/wiwi-foerderverein.aau.at\/?page_id=70"},"modified":"2025-05-14T13:43:07","modified_gmt":"2025-05-14T11:43:07","slug":"kontakt","status":"publish","type":"page","link":"https:\/\/wiwi-foerderverein.aau.at\/index.php\/kontakt\/","title":{"rendered":"Kontakt"},"content":{"rendered":"<p>Verein zur F\u00f6rderung der Wirtschaftswissenschaften<br \/>\nan der Alpen-Adria Universit\u00e4t Klagenfurt<br \/>\nUniversit\u00e4tsstrasse 65-67<br \/>\n9020 Klagenfurt am W\u00f6rthersee<br \/>\nM: <a href=\"mailto:Alexandra.Rausch@aau.at\">Alexandra.Rausch@aau.at<\/a> oder <a href=\"mailto: wiwi-verein@aau.at\">wiwi-verein@aau.at<\/a><br \/>\nT: +43 (0)463 2700 4032<br \/>\nF: +43 (0)463 2700 994032<\/p>\n<p><script> <\/script> <script> <\/script> <script> <\/script><br \/>\n<script type=\"text\/javascript\"><\/p>\n<p><\/script><\/p>\n<p><script> <\/script> <script> <\/script> <script> <\/script><\/p>\n","protected":false},"excerpt":{"rendered":"<p>Verein zur F\u00f6rderung der Wirtschaftswissenschaften an der Alpen-Adria Universit\u00e4t Klagenfurt Universit\u00e4tsstrasse 65-67 9020 Klagenfurt am W\u00f6rthersee M: Alexandra.Rausch@aau.at oder wiwi-verein@aau.at T: +43 [&hellip;]<\/p>\n","protected":false},"author":1,"featured_media":0,"parent":0,"menu_order":0,"comment_status":"closed","ping_status":"closed","template":"","meta":{"footnotes":""},"class_list":["post-70","page","type-page","status-publish","hentry"],"_links":{"self":[{"href":"https:\/\/wiwi-foerderverein.aau.at\/index.php\/wp-json\/wp\/v2\/pages\/70","targetHints":{"allow":["GET"]}}],"collection":[{"href":"https:\/\/wiwi-foerderverein.aau.at\/index.php\/wp-json\/wp\/v2\/pages"}],"about":[{"href":"https:\/\/wiwi-foerderverein.aau.at\/index.php\/wp-json\/wp\/v2\/types\/page"}],"author":[{"embeddable":true,"href":"https:\/\/wiwi-foerderverein.aau.at\/index.php\/wp-json\/wp\/v2\/users\/1"}],"replies":[{"embeddable":true,"href":"https:\/\/wiwi-foerderverein.aau.at\/index.php\/wp-json\/wp\/v2\/comments?post=70"}],"version-history":[{"count":9,"href":"https:\/\/wiwi-foerderverein.aau.at\/index.php\/wp-json\/wp\/v2\/pages\/70\/revisions"}],"predecessor-version":[{"id":2155,"href":"https:\/\/wiwi-foerderverein.aau.at\/index.php\/wp-json\/wp\/v2\/pages\/70\/revisions\/2155"}],"wp:attachment":[{"href":"https:\/\/wiwi-foerderverein.aau.at\/index.php\/wp-json\/wp\/v2\/media?parent=70"}],"curies":[{"name":"wp","href":"https:\/\/api.w.org\/{rel}","templated":true}]}}